{"id":1390,"date":"2022-01-08T18:33:53","date_gmt":"2022-01-08T21:33:53","guid":{"rendered":"https:\/\/goodbridge.com.br\/?page_id=1390"},"modified":"2024-12-16T16:45:59","modified_gmt":"2024-12-16T19:45:59","slug":"cadastro-de-candidatos","status":"publish","type":"page","link":"https:\/\/goodbridge.com.br\/en\/cadastro-de-candidatos\/","title":{"rendered":"Candidates"},"content":{"rendered":"\t\t<div data-elementor-type=\"wp-page\" data-elementor-id=\"1390\" class=\"elementor elementor-1390\">\n\t\t\t\t\t\t<section class=\"elementor-section elementor-top-section elementor-element elementor-element-aejw9f5 elementor-section-height-min-height elementor-section-stretched elementor-section-boxed elementor-section-height-default elementor-section-items-middle\" data-id=\"aejw9f5\" data-element_type=\"section\" data-e-type=\"section\" data-settings=\"{&quot;background_background&quot;:&quot;classic&quot;,&quot;stretch_section&quot;:&quot;section-stretched&quot;}\">\n\t\t\t\t\t\t\t<div class=\"elementor-background-overlay\"><\/div>\n\t\t\t\t\t\t\t<div class=\"elementor-container elementor-column-gap-default\">\n\t\t\t\t\t<div class=\"elementor-column elementor-col-100 elementor-top-column elementor-element elementor-element-54dcaf95\" data-id=\"54dcaf95\" data-element_type=\"column\" data-e-type=\"column\">\n\t\t\t<div class=\"elementor-widget-wrap elementor-element-populated\">\n\t\t\t\t\t\t<div class=\"elementor-element elementor-element-18ce8ab4 elementor-widget elementor-widget-image-box\" data-id=\"18ce8ab4\" data-element_type=\"widget\" data-e-type=\"widget\" data-widget_type=\"image-box.default\">\n\t\t\t\t<div class=\"elementor-widget-container\">\n\t\t\t\t\t<div class=\"elementor-image-box-wrapper\"><div class=\"elementor-image-box-content\"><h1 class=\"elementor-image-box-title\">Voc\u00ea busca excelentes oportunidades?<\/h1><p class=\"elementor-image-box-description\">Fa\u00e7a parte do nosso banco de talentos. Encaminharemos para voc\u00ea posi\u00e7\u00f5es com o seu perfil.<br><\/p><\/div><\/div>\t\t\t\t<\/div>\n\t\t\t\t<\/div>\n\t\t\t\t\t<\/div>\n\t\t<\/div>\n\t\t\t\t\t<\/div>\n\t\t<\/section>\n\t\t\t\t<section class=\"elementor-section elementor-top-section elementor-element elementor-element-qjq1t7j elementor-section-boxed elementor-section-height-default elementor-section-height-default\" data-id=\"qjq1t7j\" data-element_type=\"section\" data-e-type=\"section\" data-settings=\"{&quot;shape_divider_bottom&quot;:&quot;waves&quot;}\">\n\t\t\t\t\t<div class=\"elementor-shape elementor-shape-bottom\" aria-hidden=\"true\" data-negative=\"false\">\n\t\t\t<svg xmlns=\"http:\/\/www.w3.org\/2000\/svg\" viewBox=\"0 0 1000 100\" preserveAspectRatio=\"none\">\n\t<path class=\"elementor-shape-fill\" d=\"M421.9,6.5c22.6-2.5,51.5,0.4,75.5,5.3c23.6,4.9,70.9,23.5,100.5,35.7c75.8,32.2,133.7,44.5,192.6,49.7\n\tc23.6,2.1,48.7,3.5,103.4-2.5c54.7-6,106.2-25.6,106.2-25.6V0H0v30.3c0,0,72,32.6,158.4,30.5c39.2-0.7,92.8-6.7,134-22.4\n\tc21.2-8.1,52.2-18.2,79.7-24.2C399.3,7.9,411.6,7.5,421.9,6.5z\"\/>\n<\/svg>\t\t<\/div>\n\t\t\t\t\t<div class=\"elementor-container elementor-column-gap-default\">\n\t\t\t\t\t<div class=\"elementor-column elementor-col-100 elementor-top-column elementor-element elementor-element-486e457\" data-id=\"486e457\" data-element_type=\"column\" data-e-type=\"column\">\n\t\t\t<div class=\"elementor-widget-wrap elementor-element-populated\">\n\t\t\t\t\t\t<div class=\"elementor-element elementor-element-4493604 elementor-widget elementor-widget-heading\" data-id=\"4493604\" data-element_type=\"widget\" data-e-type=\"widget\" data-widget_type=\"heading.default\">\n\t\t\t\t<div class=\"elementor-widget-container\">\n\t\t\t\t\t<h2 class=\"elementor-heading-title elementor-size-default\">Fa\u00e7a parte do nosso banco de talentos!<\/h2>\t\t\t\t<\/div>\n\t\t\t\t<\/div>\n\t\t\t\t<div class=\"elementor-element elementor-element-d97a589 elementor-widget elementor-widget-shortcode\" data-id=\"d97a589\" data-element_type=\"widget\" data-e-type=\"widget\" data-widget_type=\"shortcode.default\">\n\t\t\t\t<div class=\"elementor-widget-container\">\n\t\t\t\t\t\t\t<div class=\"elementor-shortcode\"><div class=\"wpforms-container \" id=\"wpforms-1852\"><form id=\"wpforms-form-1852\" class=\"wpforms-validate wpforms-form wpforms-ajax-form\" data-formid=\"1852\" method=\"post\" enctype=\"multipart\/form-data\" action=\"\/en\/wp-json\/wp\/v2\/pages\/1390\" data-token=\"afbb3b037f1e21f8267d026d90f6dfd7\" data-token-time=\"1775812022\"><noscript class=\"wpforms-error-noscript\">Please enable JavaScript in your browser to complete this form.<\/noscript><div class=\"wpforms-field-container\"><div id=\"wpforms-1852-field_1-container\" class=\"wpforms-field wpforms-field-name\" data-field-id=\"1\"><label class=\"wpforms-field-label\" for=\"wpforms-1852-field_1\">Nome <span class=\"wpforms-required-label\">*<\/span><\/label><input type=\"text\" id=\"wpforms-1852-field_1\" class=\"wpforms-field-medium wpforms-field-required\" name=\"wpforms[fields][1]\" required><\/div><div id=\"wpforms-1852-field_2-container\" class=\"wpforms-field wpforms-field-email\" data-field-id=\"2\"><label class=\"wpforms-field-label\" for=\"wpforms-1852-field_2\">Email <span class=\"wpforms-required-label\">*<\/span><\/label><input type=\"email\" id=\"wpforms-1852-field_2\" class=\"wpforms-field-medium wpforms-field-required\" name=\"wpforms[fields][2]\" spellcheck=\"false\" required><\/div><div id=\"wpforms-1852-field_8-container\" class=\"wpforms-field wpforms-field-text\" data-field-id=\"8\"><label class=\"wpforms-field-label\" for=\"wpforms-1852-field_8\">Linkedin <span class=\"wpforms-required-label\">*<\/span><\/label><input type=\"text\" id=\"wpforms-1852-field_8\" class=\"wpforms-field-medium wpforms-field-required\" name=\"wpforms[fields][8]\" required><\/div><div id=\"wpforms-1852-field_9-container\" class=\"wpforms-field wpforms-field-text\" data-field-id=\"9\"><label class=\"wpforms-field-label\" for=\"wpforms-1852-field_9\">Cidade e Estado de Resid\u00eancia <span class=\"wpforms-required-label\">*<\/span><\/label><input type=\"text\" id=\"wpforms-1852-field_9\" class=\"wpforms-field-medium wpforms-field-required\" name=\"wpforms[fields][9]\" required><\/div><div id=\"wpforms-1852-field_11-container\" class=\"wpforms-field wpforms-field-text\" data-field-id=\"11\"><label class=\"wpforms-field-label\" for=\"wpforms-1852-field_11\">Celular <span class=\"wpforms-required-label\">*<\/span><\/label><input type=\"text\" id=\"wpforms-1852-field_11\" class=\"wpforms-field-small wpforms-field-required\" name=\"wpforms[fields][11]\" required><\/div><\/div><!-- .wpforms-field-container --><div class=\"wpforms-submit-container\" ><input type=\"hidden\" name=\"wpforms[id]\" value=\"1852\"><input type=\"hidden\" name=\"page_title\" value=\"\"><input type=\"hidden\" name=\"page_url\" value=\"https:\/\/goodbridge.com.br\/en\/wp-json\/wp\/v2\/pages\/1390\"><input type=\"hidden\" name=\"url_referer\" value=\"\"><button type=\"submit\" name=\"wpforms[submit]\" id=\"wpforms-submit-1852\" class=\"wpforms-submit\" data-alt-text=\"Enviando\" data-submit-text=\"Enviar\" aria-live=\"assertive\" value=\"wpforms-submit\">Enviar<\/button><img decoding=\"async\" src=\"https:\/\/goodbridge.com.br\/wp-content\/plugins\/wpforms-lite\/assets\/images\/submit-spin.svg\" class=\"wpforms-submit-spinner\" style=\"display: none;\" width=\"26\" height=\"26\" alt=\"Loading\"><\/div><\/form><\/div>  <!-- .wpforms-container --><\/div>\n\t\t\t\t\t\t<\/div>\n\t\t\t\t<\/div>\n\t\t\t\t\t<\/div>\n\t\t<\/div>\n\t\t\t\t\t<\/div>\n\t\t<\/section>\n\t\t\t\t<section class=\"elementor-section elementor-top-section elementor-element elementor-element-567a676 elementor-section-boxed elementor-section-height-default elementor-section-height-default\" data-id=\"567a676\" data-element_type=\"section\" data-e-type=\"section\">\n\t\t\t\t\t\t<div class=\"elementor-container elementor-column-gap-default\">\n\t\t\t\t\t<div class=\"elementor-column elementor-col-33 elementor-top-column elementor-element elementor-element-f94a2dd\" data-id=\"f94a2dd\" data-element_type=\"column\" data-e-type=\"column\">\n\t\t\t<div class=\"elementor-widget-wrap elementor-element-populated\">\n\t\t\t\t\t\t<div class=\"elementor-element elementor-element-767c205 elementor-widget elementor-widget-image\" data-id=\"767c205\" data-element_type=\"widget\" data-e-type=\"widget\" data-widget_type=\"image.default\">\n\t\t\t\t<div class=\"elementor-widget-container\">\n\t\t\t\t\t\t\t\t\t\t\t\t\t\t\t<img decoding=\"async\" width=\"220\" height=\"94\" src=\"https:\/\/goodbridge.com.br\/wp-content\/uploads\/2022\/01\/cropped-Logo_Good-Bridge-85x36.png\" class=\"attachment-medium size-medium wp-image-1408\" alt=\"\" srcset=\"https:\/\/goodbridge.com.br\/wp-content\/uploads\/2022\/01\/cropped-Logo_Good-Bridge.png 220w, https:\/\/goodbridge.com.br\/wp-content\/uploads\/2022\/01\/cropped-Logo_Good-Bridge-18x8.png 18w, https:\/\/goodbridge.com.br\/wp-content\/uploads\/2022\/01\/cropped-Logo_Good-Bridge-85x36.png 85w\" sizes=\"(max-width: 220px) 100vw, 220px\" \/>\t\t\t\t\t\t\t\t\t\t\t\t\t\t\t<\/div>\n\t\t\t\t<\/div>\n\t\t\t\t\t<\/div>\n\t\t<\/div>\n\t\t\t\t<div class=\"elementor-column elementor-col-33 elementor-top-column elementor-element elementor-element-99a94e6\" data-id=\"99a94e6\" data-element_type=\"column\" data-e-type=\"column\">\n\t\t\t<div class=\"elementor-widget-wrap elementor-element-populated\">\n\t\t\t\t\t\t<div class=\"elementor-element elementor-element-df81912 elementor-align-center elementor-icon-list--layout-traditional elementor-list-item-link-full_width elementor-widget elementor-widget-icon-list\" data-id=\"df81912\" data-element_type=\"widget\" data-e-type=\"widget\" data-widget_type=\"icon-list.default\">\n\t\t\t\t<div class=\"elementor-widget-container\">\n\t\t\t\t\t\t\t<ul class=\"elementor-icon-list-items\">\n\t\t\t\t\t\t\t<li class=\"elementor-icon-list-item\">\n\t\t\t\t\t\t\t\t\t\t\t<span class=\"elementor-icon-list-icon\">\n\t\t\t\t\t\t\t<i aria-hidden=\"true\" class=\"fas fa-phone-volume\"><\/i>\t\t\t\t\t\t<\/span>\n\t\t\t\t\t\t\t\t\t\t<span class=\"elementor-icon-list-text\">11 99302-5780<\/span>\n\t\t\t\t\t\t\t\t\t<\/li>\n\t\t\t\t\t\t\t\t<li class=\"elementor-icon-list-item\">\n\t\t\t\t\t\t\t\t\t\t\t<span class=\"elementor-icon-list-icon\">\n\t\t\t\t\t\t\t<i aria-hidden=\"true\" class=\"fas fa-map-marker-alt\"><\/i>\t\t\t\t\t\t<\/span>\n\t\t\t\t\t\t\t\t\t\t<span class=\"elementor-icon-list-text\">Moema | S\u00e3o Paulo | Brasil<\/span>\n\t\t\t\t\t\t\t\t\t<\/li>\n\t\t\t\t\t\t\t\t<li class=\"elementor-icon-list-item\">\n\t\t\t\t\t\t\t\t\t\t\t<a href=\"mailto:%20contato@goodbridge.com.br\">\n\n\t\t\t\t\t\t\t\t\t\t\t\t<span class=\"elementor-icon-list-icon\">\n\t\t\t\t\t\t\t<i aria-hidden=\"true\" class=\"far fa-envelope\"><\/i>\t\t\t\t\t\t<\/span>\n\t\t\t\t\t\t\t\t\t\t<span class=\"elementor-icon-list-text\">contato@goodbridge.com.br<\/span>\n\t\t\t\t\t\t\t\t\t\t\t<\/a>\n\t\t\t\t\t\t\t\t\t<\/li>\n\t\t\t\t\t\t<\/ul>\n\t\t\t\t\t\t<\/div>\n\t\t\t\t<\/div>\n\t\t\t\t\t<\/div>\n\t\t<\/div>\n\t\t\t\t<div class=\"elementor-column elementor-col-33 elementor-top-column elementor-element elementor-element-d8fe297\" data-id=\"d8fe297\" data-element_type=\"column\" data-e-type=\"column\">\n\t\t\t<div class=\"elementor-widget-wrap elementor-element-populated\">\n\t\t\t\t\t\t<div class=\"elementor-element elementor-element-56b4317 elementor-align-center elementor-icon-list--layout-traditional elementor-list-item-link-full_width elementor-widget elementor-widget-icon-list\" data-id=\"56b4317\" data-element_type=\"widget\" data-e-type=\"widget\" data-widget_type=\"icon-list.default\">\n\t\t\t\t<div class=\"elementor-widget-container\">\n\t\t\t\t\t\t\t<ul class=\"elementor-icon-list-items\">\n\t\t\t\t\t\t\t<li class=\"elementor-icon-list-item\">\n\t\t\t\t\t\t\t\t\t\t\t<span class=\"elementor-icon-list-icon\">\n\t\t\t\t\t\t\t<i aria-hidden=\"true\" class=\"far fa-copyright\"><\/i>\t\t\t\t\t\t<\/span>\n\t\t\t\t\t\t\t\t\t\t<span class=\"elementor-icon-list-text\">Good Bridge Brasil<\/span>\n\t\t\t\t\t\t\t\t\t<\/li>\n\t\t\t\t\t\t<\/ul>\n\t\t\t\t\t\t<\/div>\n\t\t\t\t<\/div>\n\t\t\t\t\t<\/div>\n\t\t<\/div>\n\t\t\t\t\t<\/div>\n\t\t<\/section>\n\t\t\t\t<\/div>\n\t\t","protected":false},"excerpt":{"rendered":"<p>Voc\u00ea busca excelentes oportunidades? Fa\u00e7a parte do nosso banco de talentos. Encaminharemos para voc\u00ea posi\u00e7\u00f5es com o seu perfil. Fa\u00e7a parte do nosso banco de talentos! 11 99302-5780 Moema | S\u00e3o Paulo | Brasil contato@goodbridge.com.br Good Bridge Brasil<\/p>","protected":false},"author":1,"featured_media":0,"parent":0,"menu_order":0,"comment_status":"closed","ping_status":"closed","template":"","meta":{"site-sidebar-layout":"no-sidebar","site-content-layout":"page-builder","ast-site-content-layout":"default","site-content-style":"default","site-sidebar-style":"default","ast-global-header-display":"","ast-banner-title-visibility":"","ast-main-header-display":"","ast-hfb-above-header-display":"","ast-hfb-below-header-display":"","ast-hfb-mobile-header-display":"","site-post-title":"disabled","ast-breadcrumbs-content":"","ast-featured-img":"disabled","footer-sml-layout":"","ast-disable-related-posts":"","theme-transparent-header-meta":"","adv-header-id-meta":"","stick-header-meta":"","header-above-stick-meta":"","header-main-stick-meta":"","header-below-stick-meta":"","astra-migrate-meta-layouts":"default","ast-page-background-enabled":"default","ast-page-background-meta":{"desktop":{"background-color":"var(--ast-global-color-4)","background-image":"","background-repeat":"repeat","background-position":"center center","background-size":"auto","background-attachment":"scroll","background-type":"","background-media":"","overlay-type":"","overlay-color":"","overlay-opacity":"","overlay-gradient":""},"tablet":{"background-color":"","background-image":"","background-repeat":"repeat","background-position":"center center","background-size":"auto","background-attachment":"scroll","background-type":"","background-media":"","overlay-type":"","overlay-color":"","overlay-opacity":"","overlay-gradient":""},"mobile":{"background-color":"","background-image":"","background-repeat":"repeat","background-position":"center center","background-size":"auto","background-attachment":"scroll","background-type":"","background-media":"","overlay-type":"","overlay-color":"","overlay-opacity":"","overlay-gradient":""}},"ast-content-background-meta":{"desktop":{"background-color":"var(--ast-global-color-5)","background-image":"","background-repeat":"repeat","background-position":"center center","background-size":"auto","background-attachment":"scroll","background-type":"","background-media":"","overlay-type":"","overlay-color":"","overlay-opacity":"","overlay-gradient":""},"tablet":{"background-color":"var(--ast-global-color-5)","background-image":"","background-repeat":"repeat","background-position":"center center","background-size":"auto","background-attachment":"scroll","background-type":"","background-media":"","overlay-type":"","overlay-color":"","overlay-opacity":"","overlay-gradient":""},"mobile":{"background-color":"var(--ast-global-color-5)","background-image":"","background-repeat":"repeat","background-position":"center center","background-size":"auto","background-attachment":"scroll","background-type":"","background-media":"","overlay-type":"","overlay-color":"","overlay-opacity":"","overlay-gradient":""}},"footnotes":""},"class_list":["post-1390","page","type-page","status-publish","hentry"],"yoast_head":"<!-- This site is optimized with the Yoast SEO plugin v27.3 - https:\/\/yoast.com\/product\/yoast-seo-wordpress\/ -->\n<title>Candidatos | Good Bridge<\/title>\n<meta name=\"description\" content=\"Voc\u00ea busca excelentes oportunidades? Fa\u00e7a parte do nosso banco de talentos. Encaminharemos para voc\u00ea posi\u00e7\u00f5es com o seu perfil.\" \/>\n<meta name=\"robots\" content=\"index, follow, max-snippet:-1, max-image-preview:large, max-video-preview:-1\" \/>\n<link rel=\"canonical\" href=\"https:\/\/goodbridge.com.br\/en\/cadastro-de-candidatos\/\" \/>\n<meta property=\"og:locale\" content=\"en_US\" \/>\n<meta property=\"og:type\" content=\"article\" \/>\n<meta property=\"og:title\" content=\"Candidatos | Good Bridge\" \/>\n<meta property=\"og:description\" content=\"Voc\u00ea busca excelentes oportunidades? Fa\u00e7a parte do nosso banco de talentos. Encaminharemos para voc\u00ea posi\u00e7\u00f5es com o seu perfil.\" \/>\n<meta property=\"og:url\" content=\"https:\/\/goodbridge.com.br\/en\/cadastro-de-candidatos\/\" \/>\n<meta property=\"article:modified_time\" content=\"2024-12-16T19:45:59+00:00\" \/>\n<meta property=\"og:image\" content=\"https:\/\/goodbridge.com.br\/wp-content\/uploads\/2022\/01\/cropped-Logo_Good-Bridge-85x36.png\" \/>\n<meta name=\"twitter:card\" content=\"summary_large_image\" \/>\n<meta name=\"twitter:label1\" content=\"Est. reading time\" \/>\n\t<meta name=\"twitter:data1\" content=\"1 minute\" \/>\n<script type=\"application\/ld+json\" class=\"yoast-schema-graph\">{\"@context\":\"https:\\\/\\\/schema.org\",\"@graph\":[{\"@type\":[\"WebPage\",\"ItemPage\"],\"@id\":\"https:\\\/\\\/goodbridge.com.br\\\/cadastro-de-candidatos\\\/\",\"url\":\"https:\\\/\\\/goodbridge.com.br\\\/cadastro-de-candidatos\\\/\",\"name\":\"Candidatos | Good Bridge\",\"isPartOf\":{\"@id\":\"https:\\\/\\\/goodbridge.com.br\\\/#website\"},\"primaryImageOfPage\":{\"@id\":\"https:\\\/\\\/goodbridge.com.br\\\/cadastro-de-candidatos\\\/#primaryimage\"},\"image\":{\"@id\":\"https:\\\/\\\/goodbridge.com.br\\\/cadastro-de-candidatos\\\/#primaryimage\"},\"thumbnailUrl\":\"https:\\\/\\\/goodbridge.com.br\\\/wp-content\\\/uploads\\\/2022\\\/01\\\/cropped-Logo_Good-Bridge-85x36.png\",\"datePublished\":\"2022-01-08T21:33:53+00:00\",\"dateModified\":\"2024-12-16T19:45:59+00:00\",\"description\":\"Voc\u00ea busca excelentes oportunidades? Fa\u00e7a parte do nosso banco de talentos. Encaminharemos para voc\u00ea posi\u00e7\u00f5es com o seu perfil.\",\"breadcrumb\":{\"@id\":\"https:\\\/\\\/goodbridge.com.br\\\/cadastro-de-candidatos\\\/#breadcrumb\"},\"inLanguage\":\"en-US\",\"potentialAction\":[{\"@type\":\"ReadAction\",\"target\":[\"https:\\\/\\\/goodbridge.com.br\\\/cadastro-de-candidatos\\\/\"]}]},{\"@type\":\"ImageObject\",\"inLanguage\":\"en-US\",\"@id\":\"https:\\\/\\\/goodbridge.com.br\\\/cadastro-de-candidatos\\\/#primaryimage\",\"url\":\"https:\\\/\\\/goodbridge.com.br\\\/wp-content\\\/uploads\\\/2022\\\/01\\\/cropped-Logo_Good-Bridge-85x36.png\",\"contentUrl\":\"https:\\\/\\\/goodbridge.com.br\\\/wp-content\\\/uploads\\\/2022\\\/01\\\/cropped-Logo_Good-Bridge-85x36.png\"},{\"@type\":\"BreadcrumbList\",\"@id\":\"https:\\\/\\\/goodbridge.com.br\\\/cadastro-de-candidatos\\\/#breadcrumb\",\"itemListElement\":[{\"@type\":\"ListItem\",\"position\":1,\"name\":\"Home\",\"item\":\"https:\\\/\\\/goodbridge.com.br\\\/\"},{\"@type\":\"ListItem\",\"position\":2,\"name\":\"Candidatos\"}]},{\"@type\":\"WebSite\",\"@id\":\"https:\\\/\\\/goodbridge.com.br\\\/#website\",\"url\":\"https:\\\/\\\/goodbridge.com.br\\\/\",\"name\":\"\",\"description\":\"Good Bridge - Atra\u00e7\u00e3o e Sele\u00e7\u00e3o de Talentos.\",\"publisher\":{\"@id\":\"https:\\\/\\\/goodbridge.com.br\\\/#organization\"},\"potentialAction\":[{\"@type\":\"SearchAction\",\"target\":{\"@type\":\"EntryPoint\",\"urlTemplate\":\"https:\\\/\\\/goodbridge.com.br\\\/?s={search_term_string}\"},\"query-input\":{\"@type\":\"PropertyValueSpecification\",\"valueRequired\":true,\"valueName\":\"search_term_string\"}}],\"inLanguage\":\"en-US\"},{\"@type\":\"Organization\",\"@id\":\"https:\\\/\\\/goodbridge.com.br\\\/#organization\",\"name\":\"Good Bridge Assessoria e Recrutamento\",\"url\":\"https:\\\/\\\/goodbridge.com.br\\\/\",\"logo\":{\"@type\":\"ImageObject\",\"inLanguage\":\"en-US\",\"@id\":\"https:\\\/\\\/goodbridge.com.br\\\/#\\\/schema\\\/logo\\\/image\\\/\",\"url\":\"https:\\\/\\\/goodbridge.com.br\\\/wp-content\\\/uploads\\\/2022\\\/01\\\/cropped-Logo_Good-Bridge.png\",\"contentUrl\":\"https:\\\/\\\/goodbridge.com.br\\\/wp-content\\\/uploads\\\/2022\\\/01\\\/cropped-Logo_Good-Bridge.png\",\"width\":220,\"height\":94,\"caption\":\"Good Bridge Assessoria e Recrutamento\"},\"image\":{\"@id\":\"https:\\\/\\\/goodbridge.com.br\\\/#\\\/schema\\\/logo\\\/image\\\/\"}}]}<\/script>\n<!-- \/ Yoast SEO plugin. -->","yoast_head_json":{"title":"Candidatos | Good Bridge","description":"Voc\u00ea busca excelentes oportunidades? Fa\u00e7a parte do nosso banco de talentos. Encaminharemos para voc\u00ea posi\u00e7\u00f5es com o seu perfil.","robots":{"index":"index","follow":"follow","max-snippet":"max-snippet:-1","max-image-preview":"max-image-preview:large","max-video-preview":"max-video-preview:-1"},"canonical":"https:\/\/goodbridge.com.br\/en\/cadastro-de-candidatos\/","og_locale":"en_US","og_type":"article","og_title":"Candidatos | Good Bridge","og_description":"Voc\u00ea busca excelentes oportunidades? Fa\u00e7a parte do nosso banco de talentos. Encaminharemos para voc\u00ea posi\u00e7\u00f5es com o seu perfil.","og_url":"https:\/\/goodbridge.com.br\/en\/cadastro-de-candidatos\/","article_modified_time":"2024-12-16T19:45:59+00:00","og_image":[{"url":"https:\/\/goodbridge.com.br\/wp-content\/uploads\/2022\/01\/cropped-Logo_Good-Bridge-85x36.png","type":"","width":"","height":""}],"twitter_card":"summary_large_image","twitter_misc":{"Est. reading time":"1 minute"},"schema":{"@context":"https:\/\/schema.org","@graph":[{"@type":["WebPage","ItemPage"],"@id":"https:\/\/goodbridge.com.br\/cadastro-de-candidatos\/","url":"https:\/\/goodbridge.com.br\/cadastro-de-candidatos\/","name":"Candidatos | Good Bridge","isPartOf":{"@id":"https:\/\/goodbridge.com.br\/#website"},"primaryImageOfPage":{"@id":"https:\/\/goodbridge.com.br\/cadastro-de-candidatos\/#primaryimage"},"image":{"@id":"https:\/\/goodbridge.com.br\/cadastro-de-candidatos\/#primaryimage"},"thumbnailUrl":"https:\/\/goodbridge.com.br\/wp-content\/uploads\/2022\/01\/cropped-Logo_Good-Bridge-85x36.png","datePublished":"2022-01-08T21:33:53+00:00","dateModified":"2024-12-16T19:45:59+00:00","description":"Voc\u00ea busca excelentes oportunidades? Fa\u00e7a parte do nosso banco de talentos. Encaminharemos para voc\u00ea posi\u00e7\u00f5es com o seu perfil.","breadcrumb":{"@id":"https:\/\/goodbridge.com.br\/cadastro-de-candidatos\/#breadcrumb"},"inLanguage":"en-US","potentialAction":[{"@type":"ReadAction","target":["https:\/\/goodbridge.com.br\/cadastro-de-candidatos\/"]}]},{"@type":"ImageObject","inLanguage":"en-US","@id":"https:\/\/goodbridge.com.br\/cadastro-de-candidatos\/#primaryimage","url":"https:\/\/goodbridge.com.br\/wp-content\/uploads\/2022\/01\/cropped-Logo_Good-Bridge-85x36.png","contentUrl":"https:\/\/goodbridge.com.br\/wp-content\/uploads\/2022\/01\/cropped-Logo_Good-Bridge-85x36.png"},{"@type":"BreadcrumbList","@id":"https:\/\/goodbridge.com.br\/cadastro-de-candidatos\/#breadcrumb","itemListElement":[{"@type":"ListItem","position":1,"name":"Home","item":"https:\/\/goodbridge.com.br\/"},{"@type":"ListItem","position":2,"name":"Candidatos"}]},{"@type":"WebSite","@id":"https:\/\/goodbridge.com.br\/#website","url":"https:\/\/goodbridge.com.br\/","name":"","description":"Good Bridge - Atra\u00e7\u00e3o e Sele\u00e7\u00e3o de Talentos.","publisher":{"@id":"https:\/\/goodbridge.com.br\/#organization"},"potentialAction":[{"@type":"SearchAction","target":{"@type":"EntryPoint","urlTemplate":"https:\/\/goodbridge.com.br\/?s={search_term_string}"},"query-input":{"@type":"PropertyValueSpecification","valueRequired":true,"valueName":"search_term_string"}}],"inLanguage":"en-US"},{"@type":"Organization","@id":"https:\/\/goodbridge.com.br\/#organization","name":"Good Bridge Assessoria e Recrutamento","url":"https:\/\/goodbridge.com.br\/","logo":{"@type":"ImageObject","inLanguage":"en-US","@id":"https:\/\/goodbridge.com.br\/#\/schema\/logo\/image\/","url":"https:\/\/goodbridge.com.br\/wp-content\/uploads\/2022\/01\/cropped-Logo_Good-Bridge.png","contentUrl":"https:\/\/goodbridge.com.br\/wp-content\/uploads\/2022\/01\/cropped-Logo_Good-Bridge.png","width":220,"height":94,"caption":"Good Bridge Assessoria e Recrutamento"},"image":{"@id":"https:\/\/goodbridge.com.br\/#\/schema\/logo\/image\/"}}]}},"_links":{"self":[{"href":"https:\/\/goodbridge.com.br\/en\/wp-json\/wp\/v2\/pages\/1390","targetHints":{"allow":["GET"]}}],"collection":[{"href":"https:\/\/goodbridge.com.br\/en\/wp-json\/wp\/v2\/pages"}],"about":[{"href":"https:\/\/goodbridge.com.br\/en\/wp-json\/wp\/v2\/types\/page"}],"author":[{"embeddable":true,"href":"https:\/\/goodbridge.com.br\/en\/wp-json\/wp\/v2\/users\/1"}],"replies":[{"embeddable":true,"href":"https:\/\/goodbridge.com.br\/en\/wp-json\/wp\/v2\/comments?post=1390"}],"version-history":[{"count":52,"href":"https:\/\/goodbridge.com.br\/en\/wp-json\/wp\/v2\/pages\/1390\/revisions"}],"predecessor-version":[{"id":2632,"href":"https:\/\/goodbridge.com.br\/en\/wp-json\/wp\/v2\/pages\/1390\/revisions\/2632"}],"wp:attachment":[{"href":"https:\/\/goodbridge.com.br\/en\/wp-json\/wp\/v2\/media?parent=1390"}],"curies":[{"name":"wp","href":"https:\/\/api.w.org\/{rel}","templated":true}]}}